{"id":226,"date":"2022-07-22T01:24:28","date_gmt":"2022-07-22T01:24:28","guid":{"rendered":"http:\/\/monicacalderon.com\/?page_id=226"},"modified":"2022-07-22T01:33:59","modified_gmt":"2022-07-22T01:33:59","slug":"cambio-de-enfoque","status":"publish","type":"page","link":"https:\/\/monicacalderon.com\/index.php\/cambio-de-enfoque\/","title":{"rendered":"Cambio de enfoque"},"content":{"rendered":"\t\t<div data-elementor-type=\"wp-page\" data-elementor-id=\"226\" class=\"elementor elementor-226\" data-elementor-post-type=\"page\">\n\t\t\t\t\t\t<section class=\"elementor-section elementor-top-section elementor-element elementor-element-5efdbd4 elementor-section-height-min-height elementor-section-boxed elementor-section-height-default elementor-section-items-middle\" data-id=\"5efdbd4\" data-element_type=\"section\" data-e-type=\"section\">\n\t\t\t\t\t\t<div class=\"elementor-container elementor-column-gap-default\">\n\t\t\t\t\t<div class=\"elementor-column elementor-col-100 elementor-top-column elementor-element elementor-element-699e933\" data-id=\"699e933\" data-element_type=\"column\" data-e-type=\"column\">\n\t\t\t<div class=\"elementor-widget-wrap elementor-element-populated\">\n\t\t\t\t\t\t<div class=\"elementor-element elementor-element-80a244c elementor-widget elementor-widget-heading\" data-id=\"80a244c\" data-element_type=\"widget\" data-e-type=\"widget\" data-widget_type=\"heading.default\">\n\t\t\t\t<div class=\"elementor-widget-container\">\n\t\t\t\t\t<h2 class=\"elementor-heading-title elementor-size-default\">Cambio de Enfoque<\/h2>\t\t\t\t<\/div>\n\t\t\t\t<\/div>\n\t\t\t\t<div class=\"elementor-element elementor-element-a5eed91 elementor-widget elementor-widget-text-editor\" data-id=\"a5eed91\" data-element_type=\"widget\" data-e-type=\"widget\" data-widget_type=\"text-editor.default\">\n\t\t\t\t<div class=\"elementor-widget-container\">\n\t\t\t\t\t\t\t\t\t<p class=\"Normal ospfxw2c7f124cb0e6ebdcb132105f3392193dossfx\"><em>Clama a m\u00ed, y yo te responder\u00e9, y te ense\u00f1ar\u00e9 cosas grandes y ocultas\u00a0que t\u00fa no conoces \u00a0 \u00a0 \u00a0 \u00a0 \u00a0 \u00a0 \u00a0 \u00a0 \u00a0 \u00a0 \u00a0 \u00a0 \u00a0 \u00a0 \u00a0 \u00a0 \u00a0 \u00a0 \u00a0 \u00a0 \u00a0 \u00a0 \u00a0 \u00a0 \u00a0 \u00a0 \u00a0<br \/>\u00a0-Jerem\u00edas 33:3<\/em><\/p>\t\t\t\t\t\t\t\t<\/div>\n\t\t\t\t<\/div>\n\t\t\t\t<div class=\"elementor-element elementor-element-98506e8 elementor-widget elementor-widget-text-editor\" data-id=\"98506e8\" data-element_type=\"widget\" data-e-type=\"widget\" data-widget_type=\"text-editor.default\">\n\t\t\t\t<div class=\"elementor-widget-container\">\n\t\t\t\t\t\t\t\t\t<p class=\"Normal ospfxw9466aec51f79cc13ead28a60f5da65bdossfx\">Al principio parec\u00eda la turbulencia normal que se siente a la salida o llegada de ciertas ciudades de Arizona por aire. Pero \u00e9sta vez no fue as\u00ed, porque en lugar de desaparecer a los pocos minutos despu\u00e9s del despegue, los movimientos agresivos del avi\u00f3n en pleno vuelo nos hicieron sospechar que algo andaba mal con el aparato. Acto seguido, el Capit\u00e1n nos dio instrucciones de no quitarnos el cintur\u00f3n de seguridad, de no levantarnos de nuestro lugar a menos que fuera de gran necesidad y mantener recto el respaldo del asiento. Todos obedecimos incluyendo las aeromozas. Y salvo uno que otro grito lanzado por alg\u00fan pasajero mas asustado de lo normal, dentro del avi\u00f3n lo \u00fanico que se dejaba sentir era el sofocante silencio de la tensi\u00f3n.\u00a0<\/p><p class=\"Normal ospfxw9466aec51f79cc13ead28a60f5da65bdossfx\">Mis ojos permanec\u00edan cerrados con fuerza y mientras mis mand\u00edbulas permanec\u00edan \u00a0apretadas, mis u\u00f1as se enterraban en el descanso de los antebrazos. \u00a0Al igual que muchos otros, todo mi cuerpo estaba en gran estr\u00e9s. Trate de mantener mi respiraci\u00f3n a un ritmo tranquilo, pero al sentirme atrapada en el peligro, me fue muy dif\u00edcil conseguirlo. Or\u00e9 \u00a0una y otra vez sin sentir la paz que deseaba. El miedo me estaba haciendo su presa. Sin embargo, en mi di\u00e1logo interno con Dios, algo dispar\u00f3 un Cambio de Enfoque, de tal manera que platicando con \u00c9l le dije: Se\u00f1or, aqu\u00ed hay s\u00f3lo dos Puertos a los que puedo llegar: al de la ciudad de San Diego, \u00a0o a Tu Reino. En el primero me esperan mi marido, mis hijos, mi familia y mis amigos&#8230; En el Tuyo me esperas principalmente T\u00fa, y quiz\u00e1 se lleg\u00f3 la hora de volver a ver a mis padres. Cualquiera de las dos alternativas es para darme gozo. Paso seguido, me concentr\u00e9 y enfoqu\u00e9 mi atenci\u00f3n en Agradecer a Dios por Qui\u00e9n \u00c9l era, y me di a la tarea de enumerar todas las bendiciones que pude recordar que hasta la fecha, me hab\u00eda otorgado.<\/p><p class=\"Normal ospfxwa46440b992b86cdea3c140e193bbae33ossfx\">A medida que fui ejercitando el Agradecimiento y mi mirada fue puesta en \u00c9l, se inici\u00f3 una interesante transformaci\u00f3n en mi interior. Me percat\u00e9 de ello porque me descubr\u00ed sonriendo mientras el avi\u00f3n se sacud\u00eda fuerte y de manera agresiva. Eso, jam\u00e1s lo hubiera hecho si no fuera por la serenidad que se estaba gestando dentro de m\u00ed.<\/p><p class=\"Normal ospfxwab1b0634116bbfaf3bfce304b438fe84ossfx\">En eso estaba, disfrutando de las buenas memorias, cuando la voz del Capit\u00e1n nos indic\u00f3 que tendr\u00edamos que sobre volar San Diego porque la acumulaci\u00f3n del tr\u00e1fico a\u00e9reo no nos permit\u00eda aterrizar. As\u00ed es que por cerca de una hora recorrimos los cielos de Rancho Bernardo, Escondido, Carlsbad, La Jolla, Del Mar, etc. Entre m\u00e1s se zarandeaba el avi\u00f3n, m\u00e1s exaltaba yo el nombre de Dios \u00a0y m\u00e1s engrandec\u00eda Sus obras y maravillas en mi vida y en la de todos los que amo. Me concret\u00e9 en darle honra por cada promesa escrita en Su Palabra y por cada una de ellas cumplida en mi vida. Tambi\u00e9n a\u00fan, \u00a0por todas las que se encontraban activas y en proceso de convertirse en una \u201cmisi\u00f3n cumplida\u201d en la vida de mis amados y de todos quienes escuchan y practican Su Palabra. Me mantuve firme en expresarle a Dios mi gratitud por todo lo que en esos momentos me vino a la mente y lo que se me pudo ocurrir. Lo m\u00e1s excepcional es que cuando menos pens\u00e9, yo estaba tan profundamente sumergida en Su amor, que Su paz invadi\u00f3 cada c\u00e9lula de mi ser. Mi respiraci\u00f3n se tranquiliz\u00f3, y experiment\u00e9 una confianza y una tranquilidad que jam\u00e1s hab\u00eda sentido \u00a0en momentos de tanto peligro. Fue entonces cuando me percat\u00e9 que mientras me ocupada de alabar a Dios, \u00c9l me hab\u00eda refugiado totalmente en Su Amor. De tal forma que sin propon\u00e9rmelo, me encontraba digamos que, flotando en el mar de Su coraz\u00f3n. Y para mi sorpresa, se hab\u00eda esfumado el miedo que antes me paralizaba. S\u00e9 que puede parecer incre\u00edble. Incluso, resultar ins\u00f3lito pero Dios es mi testigo que estoy hablando verdad: ni un m\u00ednimo rasgo de temor ten\u00eda cabida en m\u00ed en esos momentos. Me encontraba tan plena y tan tranquila, y llena de confianza, que en un segundo, comprend\u00ed de forma muy clara y muy cierta el pacto del que nos habl\u00f3 el ap\u00f3stol Pablo en su carta a los Romanos 8:31: &#8220;Si Dios conmigo, \u00bfqui\u00e9n en contra m\u00eda?&#8221;<\/p><p class=\"Normal ospfxw1efb314fd2784d201da77cfa1794bbfaossfx\">Ya para entonces, pasara lo que pasara era lo de menos porque me sent\u00eda plena. No me hac\u00eda falta nada. La confianza en la que me encontraba a\u00fan me parece dif\u00edcil de describir. Es m\u00e1s, me atrevo a asegurar que hasta el d\u00eda de hoy, no la termino de comprender del todo, pero eso es lo de menos. S\u00e9 que lo que viv\u00ed fue real y provino de un Dios fiel y verdadero y eso me basta.<\/p><p class=\"Normal ospfxw6f13254fc08107b1e90439d557a1bd17ossfx\">Con \u00e9sta experiencia reforc\u00e9 lo aprendido anteriormente bajo otras condiciones y en diferentes escenarios. El temor y el miedo s\u00f3lo pueden ser vencidos cuando uno se ha rendido de manera total, al Perfecto Amor. Porque en el Perfecto Amor No Hay temor.<br \/>\u00a01 Juan 4:1-18<\/p><p class=\"Normal ospfxw16100f7c955accee4b5a350d6e519b66ossfx\">He pasado por circunstancias muy serias muchas veces en mi vida y no se los voy a negar, he sucumbido ante el miedo y despu\u00e9s no me ha sido f\u00e1cil salir a flote. Sin embargo tambi\u00e9n est\u00e1 la otra cara: He tenido vivencias que pareciera que me tragar\u00edan viva: la muerte de mis padres, crisis financieras gigantescas, enfermedades, situaciones dif\u00edciles con los hijos y con la salud de mi marido entre tantas otras. Y cada vez he aprendido lo poderoso que es hacer del Agradecimiento, la Alabanza, la Adoraci\u00f3n y el Reconocimiento a Dios, una forma de Vida. Cuando Dios promete en Deuteronomio 31:8 &#8220;No te dejare ni te desamparare&#8221;, \u00c9l lo ampara con hechos, es innegable. Sin duda, nuestra alma, que es el lugar donde residen nuestras emociones y nuestra voluntad, se apega a \u00c9l, y Su mano derecha nos sostiene con su poder (Salmo 63:8)<\/p><p class=\"Normal ospfxw82b5b88a2b418eb34ed0e4a29f4aecb2ossfx\">Si deseamos triunfar sobre el miedo que nos provocan los problemas y los acontecimientos que casi siempre se encuentran fuera de nuestro control, lo mejor e indispensable es disciplinarnos para forzarnos a vivir sumergidos en el Amor de Dios. Eso nos ayuda a no darle a lo que suceda alrededor nuestro, m\u00e1s importancia de la que para Dios merece. Aprendamos a ser selectivos al pelear por nuestras batallas. Para triunfar sobre ellas, es imperante optar siempre por calibrarnos con el pensamiento de Dios. La Clave aqu\u00ed es \u00a0ser diligentes al \u00a0&#8220;Buscar primeramente Su reino y Su justicia, y todo lo dem\u00e1s nos vendr\u00e1 por a\u00f1adidura&#8221;&#8230; Mateo 6:36<\/p><p class=\"Normal ospfxw3b9c5c2b6ce0219bf08e3a42568afb53ossfx\">Cuando nosotros reposamos nuestra mirada en \u00c9l, \u00a0Jes\u00fas, nos ve fijamente a los ojos y nos dice: Porque no te has afanado, sino que has escogido la mejor parte, esa que te es necesaria, \u00a0esa, nunca te ser\u00e1 quitada. (Lucas 10:38-42)<\/p><p>\u00a0<\/p><p class=\"Normal ospfxw1fdf1d42dbc98aa29e670506dc7f1933ossfx\">\u00a0<\/p><p class=\"Normal ospfxw1fdf1d42dbc98aa29e670506dc7f1933ossfx\">Conclusi\u00f3n.\u00a0<\/p><p class=\"Normal ospfxw1fdf1d42dbc98aa29e670506dc7f1933ossfx\">Es obvio que aterrice en el hermoso Puerto de San Diego, Ca. Y lo mejor que puedo contar fue la sorpresa que se llev\u00f3 mi marido cuando al llegar a la sala de espera del aeropuerto, me vio correr hacia \u00e9l y abrazarlo, \u00a0mientras \u00a1me lo com\u00eda a besos! \u00bfLo que sucedi\u00f3 despu\u00e9s? Esas fueron las a\u00f1adiduras que se disfrutan en la intimidad del matrimonio y a puerta cerrada&#8230;\u00a0<\/p><p class=\"Normal ospfxwdf12ee0d14f4fa561ab7c981e2c712f1ossfx\">Podr\u00edas Platicarme \u00bfqu\u00e9 situaci\u00f3n dif\u00edcil has tenido que enfrentar aun a pesar del temor y c\u00f3mo fue que Dios te ha sacado de ah\u00ed? Me va a dar mucho gusto leerlo y poder aprender de tu testimonio\u2026<\/p><p class=\"Normal ospfxwd56991062f4ab5b2cb7e162079bcbcdeossfx\">\u00a0<\/p>\t\t\t\t\t\t\t\t<\/div>\n\t\t\t\t<\/div>\n\t\t\t\t\t<\/div>\n\t\t<\/div>\n\t\t\t\t\t<\/div>\n\t\t<\/section>\n\t\t\t\t<\/div>\n\t\t","protected":false},"excerpt":{"rendered":"<p>Cambio de Enfoque Clama a m\u00ed, y yo te responder\u00e9, y te ense\u00f1ar\u00e9 cosas grandes y ocultas\u00a0que t\u00fa no conoces \u00a0 \u00a0 \u00a0 \u00a0 \u00a0 \u00a0 \u00a0 \u00a0 \u00a0 \u00a0 \u00a0 \u00a0 \u00a0 \u00a0 \u00a0 \u00a0 \u00a0 \u00a0 \u00a0 \u00a0 \u00a0 \u00a0 \u00a0 \u00a0 \u00a0 \u00a0 \u00a0\u00a0-Jerem\u00edas 33:3 Al principio parec\u00eda la turbulencia normal que [&hellip;]<\/p>\n","protected":false},"author":2,"featured_media":0,"parent":0,"menu_order":0,"comment_status":"closed","ping_status":"closed","template":"elementor_canvas","meta":{"footnotes":""},"class_list":["post-226","page","type-page","status-publish","hentry"],"_links":{"self":[{"href":"https:\/\/monicacalderon.com\/index.php\/wp-json\/wp\/v2\/pages\/226","targetHints":{"allow":["GET"]}}],"collection":[{"href":"https:\/\/monicacalderon.com\/index.php\/wp-json\/wp\/v2\/pages"}],"about":[{"href":"https:\/\/monicacalderon.com\/index.php\/wp-json\/wp\/v2\/types\/page"}],"author":[{"embeddable":true,"href":"https:\/\/monicacalderon.com\/index.php\/wp-json\/wp\/v2\/users\/2"}],"replies":[{"embeddable":true,"href":"https:\/\/monicacalderon.com\/index.php\/wp-json\/wp\/v2\/comments?post=226"}],"version-history":[{"count":10,"href":"https:\/\/monicacalderon.com\/index.php\/wp-json\/wp\/v2\/pages\/226\/revisions"}],"predecessor-version":[{"id":237,"href":"https:\/\/monicacalderon.com\/index.php\/wp-json\/wp\/v2\/pages\/226\/revisions\/237"}],"wp:attachment":[{"href":"https:\/\/monicacalderon.com\/index.php\/wp-json\/wp\/v2\/media?parent=226"}],"curies":[{"name":"wp","href":"https:\/\/api.w.org\/{rel}","templated":true}]}}