{"id":242,"date":"2022-07-22T02:21:34","date_gmt":"2022-07-22T02:21:34","guid":{"rendered":"http:\/\/monicacalderon.com\/?page_id=242"},"modified":"2022-07-22T02:29:08","modified_gmt":"2022-07-22T02:29:08","slug":"amigas-de-verdad","status":"publish","type":"page","link":"https:\/\/monicacalderon.com\/index.php\/amigas-de-verdad\/","title":{"rendered":"Amigas de Verdad"},"content":{"rendered":"\t\t<div data-elementor-type=\"wp-page\" data-elementor-id=\"242\" class=\"elementor elementor-242\" data-elementor-post-type=\"page\">\n\t\t\t\t\t\t<section class=\"elementor-section elementor-top-section elementor-element elementor-element-f21501e elementor-section-boxed elementor-section-height-default elementor-section-height-default\" data-id=\"f21501e\" data-element_type=\"section\" data-e-type=\"section\">\n\t\t\t\t\t\t<div class=\"elementor-container elementor-column-gap-default\">\n\t\t\t\t\t<div class=\"elementor-column elementor-col-100 elementor-top-column elementor-element elementor-element-8ff798e\" data-id=\"8ff798e\" data-element_type=\"column\" data-e-type=\"column\">\n\t\t\t<div class=\"elementor-widget-wrap elementor-element-populated\">\n\t\t\t\t\t\t<div class=\"elementor-element elementor-element-1569b07 e-transform elementor-widget elementor-widget-heading\" data-id=\"1569b07\" data-element_type=\"widget\" data-e-type=\"widget\" data-settings=\"{&quot;_transform_translateY_effect&quot;:{&quot;unit&quot;:&quot;px&quot;,&quot;size&quot;:-66,&quot;sizes&quot;:[]},&quot;_transform_translateX_effect&quot;:{&quot;unit&quot;:&quot;px&quot;,&quot;size&quot;:&quot;&quot;,&quot;sizes&quot;:[]},&quot;_transform_translateX_effect_tablet&quot;:{&quot;unit&quot;:&quot;px&quot;,&quot;size&quot;:&quot;&quot;,&quot;sizes&quot;:[]},&quot;_transform_translateX_effect_mobile&quot;:{&quot;unit&quot;:&quot;px&quot;,&quot;size&quot;:&quot;&quot;,&quot;sizes&quot;:[]},&quot;_transform_translateY_effect_tablet&quot;:{&quot;unit&quot;:&quot;px&quot;,&quot;size&quot;:&quot;&quot;,&quot;sizes&quot;:[]},&quot;_transform_translateY_effect_mobile&quot;:{&quot;unit&quot;:&quot;px&quot;,&quot;size&quot;:&quot;&quot;,&quot;sizes&quot;:[]}}\" data-widget_type=\"heading.default\">\n\t\t\t\t<div class=\"elementor-widget-container\">\n\t\t\t\t\t<h2 class=\"elementor-heading-title elementor-size-default\">AMIGAS DE VERDAD, LA ALEGR\u00cdA DEL HOGAR<\/h2>\t\t\t\t<\/div>\n\t\t\t\t<\/div>\n\t\t\t\t<div class=\"elementor-element elementor-element-22d540d e-transform elementor-widget elementor-widget-text-editor\" data-id=\"22d540d\" data-element_type=\"widget\" data-e-type=\"widget\" data-settings=\"{&quot;_transform_translateY_effect&quot;:{&quot;unit&quot;:&quot;px&quot;,&quot;size&quot;:-53,&quot;sizes&quot;:[]},&quot;_transform_translateX_effect&quot;:{&quot;unit&quot;:&quot;px&quot;,&quot;size&quot;:&quot;&quot;,&quot;sizes&quot;:[]},&quot;_transform_translateX_effect_tablet&quot;:{&quot;unit&quot;:&quot;px&quot;,&quot;size&quot;:&quot;&quot;,&quot;sizes&quot;:[]},&quot;_transform_translateX_effect_mobile&quot;:{&quot;unit&quot;:&quot;px&quot;,&quot;size&quot;:&quot;&quot;,&quot;sizes&quot;:[]},&quot;_transform_translateY_effect_tablet&quot;:{&quot;unit&quot;:&quot;px&quot;,&quot;size&quot;:&quot;&quot;,&quot;sizes&quot;:[]},&quot;_transform_translateY_effect_mobile&quot;:{&quot;unit&quot;:&quot;px&quot;,&quot;size&quot;:&quot;&quot;,&quot;sizes&quot;:[]}}\" data-widget_type=\"text-editor.default\">\n\t\t\t\t<div class=\"elementor-widget-container\">\n\t\t\t\t\t\t\t\t\t<p class=\"Normal ospfxw7699e985d5c63f52dc0ce69381b3ec59ossfx\">Ciertas pel\u00edculas antiguas describen de forma clara y pintoresca la manera en que las mujeres estamos cableadas. Pareciera que a diferencia de nuestra experiencia, nuestra psicolog\u00eda y emociones, todas tuvi\u00e9ramos las mismas o muy similares necesidades. Recordemos nuestra infancia o las an\u00e9cdotas que nos narraban nuestras madres y abuelas. No hab\u00eda nada m\u00e1s delicioso que descansar al t\u00e9rmino de la jornada mientras las mujeres pasaban la tarde conversando en la cocina al olor de los frijoles cocin\u00e1ndose en la olla de barro, tomando caf\u00e9, tejiendo, cuidando ni\u00f1os y disfrutando con las hermanas, las amigas y las parientes. Ese era el mejor momento para darse consejos y hasta llorar una en el hombro de la otra. Esos eran los instantes en donde se descubr\u00edan los secretos de familia, se oraba y se compart\u00edan las alegr\u00edas que las llenaban de emoci\u00f3n.\u00a0<br \/>Entre las cosas que a trav\u00e9s de estas historias que tantas mujeres, familiares y mis amigas me han ense\u00f1ado y he aprendido sobre el desarrollo de la amistad, quisiera mencionar algunos puntos que me parece importante conservar para que la amistad se mantenga s\u00f3lida a trav\u00e9s de los a\u00f1os:<\/p><p class=\"Normal ospfxw194608dfd0c6db84a4276f26537d2c4aossfx\"><strong>LA AMISTAD ES UN PROCESO:<\/strong><\/p><p class=\"Normal ospfxw967cbb34d1be4724a32c387acd5027e9ossfx\">L a Amistad es como las plantas. No se trata de ser perfectas sino de echar ra\u00edces una en el coraz\u00f3n de la otra. Y para ello, una llamada telef\u00f3nica, un texto, una notita por correo, una foto, un video, \u00a0detalles variados entre otras cosas, es un poderoso nutriente para que esas ra\u00edces se fortalezcan y crezcan fuertes y vigorosas, y vayan fructificando de forma abundante.<\/p><p class=\"Normal ospfxwd54e38665a83c5ce6b6a59f74faf2ff2ossfx\"><strong>LA AMISTAD Y SENSIBILIDAD VAN DE LA MANO:<\/strong><\/p><p class=\"Normal ospfxw12f004fbcb10a23ee281c610b930e91dossfx\">Ninguna amiga es igual a la otra. En una relaci\u00f3n de amistad, el enfoque no est\u00e1 tanto en nosotras como en ellas. Quiz\u00e1 no nos atraigan ciertas cosas de nuestras amigas; como a ellas no les agraden otras de nosotras. Pero si nos enfocamos en lo positivo, y recordamos que nuestra funci\u00f3n es edificar sus vidas, tendremos siempre en cuenta que lo que digamos o hagamos las va a construir como individuos, o bien, \u00a0las puede destruir. Es importante ser sensible y cuidar los corazones de nuestras amigas y lo que en ellos habita (esposo, novio, hijos, padres, hermanos, mascotas, etc). Tengamos mucho cuidado al hablar con ellas y frente a ellas. Y si tenemos algo que aclarar, es preferible que lo hagamos en privado siempre que sea posible.\u00a0<\/p><p class=\"Normal ospfxw9c150dd3cd9bbe6732d2769e39dff874ossfx\"><strong>LA AMISTAD Y LA CONFIANZA SON INDISPENSABLES:<\/strong><\/p><p class=\"Normal ospfxw69b91beb5e10d28e66e4c7e59eb4a056ossfx\">Una puede hacer m\u00e1s y mejores cosas junto a una amiga que sola. La mayor\u00eda de las veces las amigas somos complemento. Las virtudes que a una le faltan, la otra las ha desarrollado muy bien. \u00a0En mi caso, me da mucho gusto tener amigas con un sentido com\u00fan muy bien desarrollado, porque cuando estoy dentro de una circunstancia dif\u00edcil, s\u00e9 que sus consejos estar\u00e1n ah\u00ed para levantarme u orientarme. Mis amigas son tan humanas como lo soy yo. Y se equivocar\u00e1n como yo. Pero nos une la confianza de saber que les dar\u00e9 lo mejor que tengo y recibir\u00e9 lo mismo de parte de ellas. La confianza es el m\u00e1s grande de los tesoros sobre todo en una amistad. Cuid\u00e9mosla como uno de los Tesoros m\u00e1s valiosos que ellas nos brindan.<\/p><p class=\"Normal ospfxw70799c8f7e638b9cc7cd0e7ee51c1e04ossfx\"><strong>LAS AMIGAS SE QUEDAN A\u00daN CUANDO LES SER\u00cdA M\u00c1S F\u00c1CIL CORRER:<\/strong><\/p><p class=\"Normal ospfxw3cc0a2c20c124883fd9cb4fa653112d8ossfx\">Nunca es f\u00e1cil acompa\u00f1ar a una amiga en problemas. Pero \u00bfqui\u00e9nes estamos exentas de vivir sin ellos y necesitar a una amiga a nuestro lado? Cuando nos sentimos cansadas, nos ponemos vulnerables y nuestro car\u00e1cter se modifica y no necesariamente para bien. A veces nos ponemos necias y desconsideradas. Pero una Amiga de Verdad, sabr\u00e1 que no siempre somos as\u00ed y extender\u00e1 la tolerancia, el perd\u00f3n y la misericordia que necesitamos recibir durante esos momentos en los que ser\u00eda mejor salir corriendo.<\/p><p class=\"Normal ospfxw221c90cfdc54cbeef0e13ec8ec350e0bossfx\"><strong>LAS AMIGAS NECESITAN PRETEXTOS PARA CELEBRAR JUNTAS:<\/strong><\/p><p class=\"Normal ospfxw1ff639dc0d537b95dbb0a79fbcc25579ossfx\">Celebraci\u00f3n es una palabra que sin duda se escuchar\u00e1 con frecuencia entre una conversaci\u00f3n de Amigas de Verdad. Ya sea por cumplea\u00f1os, graduaciones o incluso el haber obtenido el trabajo, o adquirido los zapatos rojos que busc\u00e1bamos, o porque por fin nos atrevimos a pintar la rec\u00e1mara de morado, o bajamos de peso, compramos carro o mascota, o \u00fanicamente \u201cporque se nos ocurri\u00f3\u2026\u201d a las Amigas nos \u00a0gusta estar juntas y celebrar por todo. Compartir esos momentos nom\u00e1s porque s\u00ed, refuerzan los lazos de amor fraternal entre cada una y sobre todo, se entretejen memorias que aunque surjan cambios en la relaci\u00f3n por condiciones ajenas a la voluntad, siempre estar\u00e1n por encima de la lejan\u00eda y del olvido. Las Amigas de Verdad celebran hasta los chistes malos o las metidas de pata de una o de la otra. Celebrar es parte de la goma que mantiene pegados los corazones de las Amigas de Verdad.<\/p><p class=\"Normal ospfxw4c86914ed891dc474c16f20eeaf26293ossfx\"><strong>LAS AMIGAS DE VERDAD ORAN JUNTAS:<\/strong><\/p><p class=\"Normal ospfxw63e9e2db7796a4dd65dc19e34d90baffossfx\">No hay mejor lazo de uni\u00f3n que la oraci\u00f3n. Las amigas que oran juntas permanecen juntas. La oraci\u00f3n trae unidad y nutre a la amistad. Mejores son dos que una, porque si alguien prevaleciere contra una, dos le resistir\u00e1n; y cord\u00f3n de tres dobleces no se rompe pronto . Dios es ese cord\u00f3n que est\u00e1 unificando el coraz\u00f3n de las amigas. Cuando las amigas oran, Dios edifica sus corazones y entrelaza sus vidas. Cabe mencionar que entre otras cosas, Jes\u00fas les dijo a los ap\u00f3stoles que ya no les llamar\u00eda m\u00e1s siervos sino amigos, porque les har\u00eda saber todo lo que escuchaba de parte del coraz\u00f3n del Padre . Cuando las amigas adoran juntas al Padre, el mundo a su alrededor, se convierte en una extensi\u00f3n de la gracia de Dios.<br \/>Y Tu Amiga Hermosa, plat\u00edcame cu\u00e1les son las virtudes que m\u00e1s admiras de tus Amigas de Verdad.<\/p><p class=\"Normal ospfxw477483955bae1cf7155b1712db9c0b60ossfx\">Abrazos,<br \/>M\u00f3nica Calder\u00f3n<\/p><p class=\"Normal ospfxw5fabe09bfeeb08c4a25a6115a1b0b455ossfx\"><br \/>Eclesiast\u00e9s 4<br \/>Juan 15:15<\/p>\t\t\t\t\t\t\t\t<\/div>\n\t\t\t\t<\/div>\n\t\t\t\t\t<\/div>\n\t\t<\/div>\n\t\t\t\t\t<\/div>\n\t\t<\/section>\n\t\t\t\t<\/div>\n\t\t","protected":false},"excerpt":{"rendered":"<p>AMIGAS DE VERDAD, LA ALEGR\u00cdA DEL HOGAR Ciertas pel\u00edculas antiguas describen de forma clara y pintoresca la manera en que las mujeres estamos cableadas. Pareciera que a diferencia de nuestra experiencia, nuestra psicolog\u00eda y emociones, todas tuvi\u00e9ramos las mismas o muy similares necesidades. Recordemos nuestra infancia o las an\u00e9cdotas que nos narraban nuestras madres y [&hellip;]<\/p>\n","protected":false},"author":2,"featured_media":0,"parent":0,"menu_order":0,"comment_status":"closed","ping_status":"closed","template":"elementor_canvas","meta":{"footnotes":""},"class_list":["post-242","page","type-page","status-publish","hentry"],"_links":{"self":[{"href":"https:\/\/monicacalderon.com\/index.php\/wp-json\/wp\/v2\/pages\/242","targetHints":{"allow":["GET"]}}],"collection":[{"href":"https:\/\/monicacalderon.com\/index.php\/wp-json\/wp\/v2\/pages"}],"about":[{"href":"https:\/\/monicacalderon.com\/index.php\/wp-json\/wp\/v2\/types\/page"}],"author":[{"embeddable":true,"href":"https:\/\/monicacalderon.com\/index.php\/wp-json\/wp\/v2\/users\/2"}],"replies":[{"embeddable":true,"href":"https:\/\/monicacalderon.com\/index.php\/wp-json\/wp\/v2\/comments?post=242"}],"version-history":[{"count":4,"href":"https:\/\/monicacalderon.com\/index.php\/wp-json\/wp\/v2\/pages\/242\/revisions"}],"predecessor-version":[{"id":248,"href":"https:\/\/monicacalderon.com\/index.php\/wp-json\/wp\/v2\/pages\/242\/revisions\/248"}],"wp:attachment":[{"href":"https:\/\/monicacalderon.com\/index.php\/wp-json\/wp\/v2\/media?parent=242"}],"curies":[{"name":"wp","href":"https:\/\/api.w.org\/{rel}","templated":true}]}}