{"id":258,"date":"2022-07-22T02:38:44","date_gmt":"2022-07-22T02:38:44","guid":{"rendered":"http:\/\/monicacalderon.com\/?page_id=258"},"modified":"2022-07-22T02:41:55","modified_gmt":"2022-07-22T02:41:55","slug":"solo-si-hay-felicidad-en-ti-podras-repartir-felicidad-a-otros","status":"publish","type":"page","link":"https:\/\/monicacalderon.com\/index.php\/solo-si-hay-felicidad-en-ti-podras-repartir-felicidad-a-otros\/","title":{"rendered":"S\u00f3lo si hay felicidad en ti, podr\u00e1s repartir felicidad a otros."},"content":{"rendered":"\t\t<div data-elementor-type=\"wp-page\" data-elementor-id=\"258\" class=\"elementor elementor-258\" data-elementor-post-type=\"page\">\n\t\t\t\t\t\t<section class=\"elementor-section elementor-top-section elementor-element elementor-element-47c8a04 elementor-section-boxed elementor-section-height-default elementor-section-height-default\" data-id=\"47c8a04\" data-element_type=\"section\" data-e-type=\"section\">\n\t\t\t\t\t\t<div class=\"elementor-container elementor-column-gap-default\">\n\t\t\t\t\t<div class=\"elementor-column elementor-col-100 elementor-top-column elementor-element elementor-element-f40ae7a\" data-id=\"f40ae7a\" data-element_type=\"column\" data-e-type=\"column\">\n\t\t\t<div class=\"elementor-widget-wrap elementor-element-populated\">\n\t\t\t\t\t\t<div class=\"elementor-element elementor-element-7db54be e-transform elementor-widget elementor-widget-heading\" data-id=\"7db54be\" data-element_type=\"widget\" data-e-type=\"widget\" data-settings=\"{&quot;_transform_translateY_effect&quot;:{&quot;unit&quot;:&quot;px&quot;,&quot;size&quot;:-80,&quot;sizes&quot;:[]},&quot;_transform_translateX_effect&quot;:{&quot;unit&quot;:&quot;px&quot;,&quot;size&quot;:&quot;&quot;,&quot;sizes&quot;:[]},&quot;_transform_translateX_effect_tablet&quot;:{&quot;unit&quot;:&quot;px&quot;,&quot;size&quot;:&quot;&quot;,&quot;sizes&quot;:[]},&quot;_transform_translateX_effect_mobile&quot;:{&quot;unit&quot;:&quot;px&quot;,&quot;size&quot;:&quot;&quot;,&quot;sizes&quot;:[]},&quot;_transform_translateY_effect_tablet&quot;:{&quot;unit&quot;:&quot;px&quot;,&quot;size&quot;:&quot;&quot;,&quot;sizes&quot;:[]},&quot;_transform_translateY_effect_mobile&quot;:{&quot;unit&quot;:&quot;px&quot;,&quot;size&quot;:&quot;&quot;,&quot;sizes&quot;:[]}}\" data-widget_type=\"heading.default\">\n\t\t\t\t<div class=\"elementor-widget-container\">\n\t\t\t\t\t<h2 class=\"elementor-heading-title elementor-size-default\">S\u00f3lo si hay felicidad en ti, podr\u00e1s repartir felicidad a otros.<\/h2>\t\t\t\t<\/div>\n\t\t\t\t<\/div>\n\t\t\t\t<div class=\"elementor-element elementor-element-872e49d e-transform elementor-widget elementor-widget-text-editor\" data-id=\"872e49d\" data-element_type=\"widget\" data-e-type=\"widget\" data-settings=\"{&quot;_transform_translateY_effect&quot;:{&quot;unit&quot;:&quot;px&quot;,&quot;size&quot;:-73,&quot;sizes&quot;:[]},&quot;_transform_translateX_effect&quot;:{&quot;unit&quot;:&quot;px&quot;,&quot;size&quot;:&quot;&quot;,&quot;sizes&quot;:[]},&quot;_transform_translateX_effect_tablet&quot;:{&quot;unit&quot;:&quot;px&quot;,&quot;size&quot;:&quot;&quot;,&quot;sizes&quot;:[]},&quot;_transform_translateX_effect_mobile&quot;:{&quot;unit&quot;:&quot;px&quot;,&quot;size&quot;:&quot;&quot;,&quot;sizes&quot;:[]},&quot;_transform_translateY_effect_tablet&quot;:{&quot;unit&quot;:&quot;px&quot;,&quot;size&quot;:&quot;&quot;,&quot;sizes&quot;:[]},&quot;_transform_translateY_effect_mobile&quot;:{&quot;unit&quot;:&quot;px&quot;,&quot;size&quot;:&quot;&quot;,&quot;sizes&quot;:[]}}\" data-widget_type=\"text-editor.default\">\n\t\t\t\t<div class=\"elementor-widget-container\">\n\t\t\t\t\t\t\t\t\t<p class=\"Normal ospfxw1f2df58fa605f7b4d504e3dd91902a90ossfx\"><em>Jesucristo &#8211; Mateo 10:8<\/em><\/p><p class=\"Normal ospfxwec430138171049363f8caa4c062363e4ossfx\">Mientras tomaba un caf\u00e9 en un peque\u00f1o restaurante de la ciudad, escuch\u00e9 a dos amigas platicar en la mesa contigua a la m\u00eda: \u201cVoy a dejar a mi marido porque no me hace feliz\u201d dijo la m\u00e1s joven de las dos. La m\u00e1s madura le pregunt\u00f3: \u201cPero, \u00bfte ha sido infiel acaso, te ha hecho da\u00f1o, te trata mal?\u201d\u00a0<\/p><p class=\"Normal ospfxw3bb3a818dabc93060cc16961d1301f9dossfx\">\u201cNo\u201d. Contest\u00f3 la joven. \u201c\u00c9l es muy buena persona. Simplemente cre\u00ed que la vida a su lado ser\u00eda m\u00e1s divertida pero ya llevamos cinco a\u00f1os de casados y no me siento feliz a su lado. No me hace feliz\u201d.<\/p><p class=\"Normal ospfxw23d19b4c8c82169598ae34fa496d6969ossfx\">Ese comentario desvi\u00f3 mi atenci\u00f3n de la lectura que estaba haciendo y empec\u00e9 a analizar su sentir. \u00bfEn verdad ser\u00e1 justo abandonar a la persona que ha sido tu amigo, tu confidente, el receptor de tus m\u00e1s \u00edntimos secretos, de tu pasi\u00f3n y con quien has compartido el lecho conyugal s\u00f3lo porque \u201cno te hace feliz\u201d?<\/p><p class=\"Normal ospfxw51605f0c358b1de024fb8e1201e868c6ossfx\">\u00bfNo crees que somos parte de una cultura social que nos invita a movernos de acuerdo a lo que el coraz\u00f3n nos dicte? La mala noticia es que \u00a1nada tan enga\u00f1oso y sin remedio como el coraz\u00f3n humano! \u00bfQui\u00e9n es capaz de comprenderlo? \u00a0Hoy se levanta contento seguro de que ganar\u00e1 el mundo entero, al rato se enoja con facilidad; m\u00e1s tarde guarda resentimiento y as\u00ed sucesivamente. \u00bfC\u00f3mo confiar en el coraz\u00f3n?<\/p><p class=\"Normal ospfxw51605f0c358b1de024fb8e1201e868c6ossfx\">Confieso que me dieron muchos deseos de cambiarme de mesa y decirle a la chica \u201cPreciosa, nadie en este mundo naci\u00f3 para hacerte feliz. Nuestra responsabilidad como pareja es ser felices de manera individual y compartir ese gozo con nuestro c\u00f3nyuge. El hecho de que seamos felices o no, depende de nosotras mismas, no de ellos\u201d. Pero no lo hice. Me aguant\u00e9.<\/p><p class=\"Normal ospfxw51605f0c358b1de024fb8e1201e868c6ossfx\">Mientras pensaba que el amor de pareja no se edifica bajo el fundamento de los sentimientos porque son cambiables, pensaba en Jes\u00fas. Recordaba que cuando iba a ser entregado para ser lacerado y morir en una cruz, sinti\u00f3 su alma desfallecer. La historia nos narra que sud\u00f3 sangre e incluso se dirigi\u00f3 a Dios dici\u00e9ndole \u201cPadre, si puedes, aparta de m\u00ed esta copa (refiri\u00e9ndose al calvario que estaba por venir), pero que no se haga mi voluntad sino la tuya \u201d. Jes\u00fas no sent\u00eda felicidad, pero su amor por la humanidad era traducido como compromiso, no como sentimiento. Tom\u00f3 la decisi\u00f3n de poner toda su fuerza bajo control, y no se dej\u00f3 dominar por lo que sent\u00eda. Su amor y fidelidad cambiaron el rumbo de la historia y gracias a eso ahora, al morir, podemos disfrutar de la vida eterna junto a \u00c9l.<\/p><p class=\"Normal ospfxwbd05d6f3026a40afa5dc7e53274b86fbossfx\">De \u00e9l he aprendido a amar. Sobre todo a mi marido. La vida de Jes\u00fas ha sido una intensa ense\u00f1anza sobre c\u00f3mo no poner en los dem\u00e1s, la responsabilidad que me corresponde a m\u00ed.\u00a0<\/p><p class=\"Normal ospfxw1f669e50ef03b0d7082341b1a24b504cossfx\">No nos casamos poniendo sobre el otro, la carga de hacernos felices. Para muchos, cuando las cosas no van bien, ven que divorciarse es la \u00fanica y m\u00e1s f\u00e1cil soluci\u00f3n. El amar verdaderamente, no es f\u00e1cil. Dar amor y perdonar incondicionalmente, no es f\u00e1cil. Vivir, asumiendo las experiencias y las circunstancias como son, y enfrentarlas juntos y ser feliz pese a los problemas, no es f\u00e1cil, pero en definitiva, s\u00ed es posible. Cuando nuestro ser se nutre de la fuente de amor correcta, nuestro coraz\u00f3n rebozar\u00e1 de gozo.<\/p><p class=\"Normal ospfxwf8bac36f981f0d16cd4e8f1da4f1ecedossfx\">La felicidad no depende de prosperidad econ\u00f3mica, ni de escasez. Tampoco de salud o enfermedad o de sentirse ofendido o no. La felicidad es una decisi\u00f3n que corresponde a cada uno desarrollar y compartir con nuestra pareja para enriquecer la vida juntos. A eso, se le llama madurez.<\/p><p class=\"Normal ospfxw5b4d5100e71e992c187ddddaf6688db8ossfx\">Y t\u00fa, \u00bfqu\u00e9 piensas de esto?<\/p><p class=\"Normal ospfxw5b4d5100e71e992c187ddddaf6688db8ossfx\">Jerem\u00edas 17:9<br \/>Lucas 22:42<\/p>\t\t\t\t\t\t\t\t<\/div>\n\t\t\t\t<\/div>\n\t\t\t\t\t<\/div>\n\t\t<\/div>\n\t\t\t\t\t<\/div>\n\t\t<\/section>\n\t\t\t\t<\/div>\n\t\t","protected":false},"excerpt":{"rendered":"<p>S\u00f3lo si hay felicidad en ti, podr\u00e1s repartir felicidad a otros. Jesucristo &#8211; Mateo 10:8 Mientras tomaba un caf\u00e9 en un peque\u00f1o restaurante de la ciudad, escuch\u00e9 a dos amigas platicar en la mesa contigua a la m\u00eda: \u201cVoy a dejar a mi marido porque no me hace feliz\u201d dijo la m\u00e1s joven de las [&hellip;]<\/p>\n","protected":false},"author":2,"featured_media":0,"parent":0,"menu_order":0,"comment_status":"closed","ping_status":"closed","template":"elementor_canvas","meta":{"footnotes":""},"class_list":["post-258","page","type-page","status-publish","hentry"],"_links":{"self":[{"href":"https:\/\/monicacalderon.com\/index.php\/wp-json\/wp\/v2\/pages\/258","targetHints":{"allow":["GET"]}}],"collection":[{"href":"https:\/\/monicacalderon.com\/index.php\/wp-json\/wp\/v2\/pages"}],"about":[{"href":"https:\/\/monicacalderon.com\/index.php\/wp-json\/wp\/v2\/types\/page"}],"author":[{"embeddable":true,"href":"https:\/\/monicacalderon.com\/index.php\/wp-json\/wp\/v2\/users\/2"}],"replies":[{"embeddable":true,"href":"https:\/\/monicacalderon.com\/index.php\/wp-json\/wp\/v2\/comments?post=258"}],"version-history":[{"count":4,"href":"https:\/\/monicacalderon.com\/index.php\/wp-json\/wp\/v2\/pages\/258\/revisions"}],"predecessor-version":[{"id":263,"href":"https:\/\/monicacalderon.com\/index.php\/wp-json\/wp\/v2\/pages\/258\/revisions\/263"}],"wp:attachment":[{"href":"https:\/\/monicacalderon.com\/index.php\/wp-json\/wp\/v2\/media?parent=258"}],"curies":[{"name":"wp","href":"https:\/\/api.w.org\/{rel}","templated":true}]}}