{"id":46,"date":"2022-07-20T00:31:09","date_gmt":"2022-07-20T00:31:09","guid":{"rendered":"http:\/\/monicacalderon.com\/?page_id=46"},"modified":"2022-07-21T02:29:21","modified_gmt":"2022-07-21T02:29:21","slug":"hola","status":"publish","type":"page","link":"https:\/\/monicacalderon.com\/index.php\/hola\/","title":{"rendered":"\u00a1Hola!"},"content":{"rendered":"\t\t<div data-elementor-type=\"wp-page\" data-elementor-id=\"46\" class=\"elementor elementor-46\" data-elementor-post-type=\"page\">\n\t\t\t\t\t\t<section class=\"elementor-section elementor-top-section elementor-element elementor-element-005bdee elementor-section-height-min-height elementor-section-boxed elementor-section-height-default elementor-section-items-middle\" data-id=\"005bdee\" data-element_type=\"section\" data-e-type=\"section\">\n\t\t\t\t\t\t<div class=\"elementor-container elementor-column-gap-default\">\n\t\t\t\t\t<div class=\"elementor-column elementor-col-100 elementor-top-column elementor-element elementor-element-4a465d4\" data-id=\"4a465d4\" data-element_type=\"column\" data-e-type=\"column\">\n\t\t\t<div class=\"elementor-widget-wrap elementor-element-populated\">\n\t\t\t\t\t\t<div class=\"elementor-element elementor-element-dd9ca0a elementor-widget elementor-widget-image\" data-id=\"dd9ca0a\" data-element_type=\"widget\" data-e-type=\"widget\" data-widget_type=\"image.default\">\n\t\t\t\t<div class=\"elementor-widget-container\">\n\t\t\t\t\t\t\t\t\t\t\t\t\t\t\t<img fetchpriority=\"high\" decoding=\"async\" width=\"604\" height=\"401\" src=\"https:\/\/monicacalderon.com\/wp-content\/uploads\/2022\/07\/3958-4B39761E-7A87-9BC5-5E04-1D6F2A833DD6.jpg\" class=\"attachment-large size-large wp-image-121\" alt=\"\" srcset=\"https:\/\/monicacalderon.com\/wp-content\/uploads\/2022\/07\/3958-4B39761E-7A87-9BC5-5E04-1D6F2A833DD6.jpg 604w, https:\/\/monicacalderon.com\/wp-content\/uploads\/2022\/07\/3958-4B39761E-7A87-9BC5-5E04-1D6F2A833DD6-300x199.jpg 300w\" sizes=\"(max-width: 604px) 100vw, 604px\" \/>\t\t\t\t\t\t\t\t\t\t\t\t\t\t\t<\/div>\n\t\t\t\t<\/div>\n\t\t\t\t\t<\/div>\n\t\t<\/div>\n\t\t\t\t\t<\/div>\n\t\t<\/section>\n\t\t\t\t<section class=\"elementor-section elementor-top-section elementor-element elementor-element-149b7e8 elementor-section-boxed elementor-section-height-default elementor-section-height-default\" data-id=\"149b7e8\" data-element_type=\"section\" data-e-type=\"section\">\n\t\t\t\t\t\t<div class=\"elementor-container elementor-column-gap-default\">\n\t\t\t\t\t<div class=\"elementor-column elementor-col-100 elementor-top-column elementor-element elementor-element-b752cf6\" data-id=\"b752cf6\" data-element_type=\"column\" data-e-type=\"column\">\n\t\t\t<div class=\"elementor-widget-wrap elementor-element-populated\">\n\t\t\t\t\t\t<div class=\"elementor-element elementor-element-91a2495 elementor-widget elementor-widget-heading\" data-id=\"91a2495\" data-element_type=\"widget\" data-e-type=\"widget\" data-widget_type=\"heading.default\">\n\t\t\t\t<div class=\"elementor-widget-container\">\n\t\t\t\t\t<h2 class=\"elementor-heading-title elementor-size-default\"> \n\u00a1Hola! Soy M\u00f3nica Calder\u00f3n, y tengo \u00a1Mucho Gusto en Conocerte! <\/h2>\t\t\t\t<\/div>\n\t\t\t\t<\/div>\n\t\t\t\t<div class=\"elementor-element elementor-element-8ad5b03 elementor-widget elementor-widget-text-editor\" data-id=\"8ad5b03\" data-element_type=\"widget\" data-e-type=\"widget\" data-widget_type=\"text-editor.default\">\n\t\t\t\t<div class=\"elementor-widget-container\">\n\t\t\t\t\t\t\t\t\t<p class=\"Normal ospfxw02776e6b3afadc98ad598f56bbe70039ossfx\">Estoy muy contenta y te agradezco mucho tu visita a mi hogar cibern\u00e9tico. A medida que pase el\u00a0tiempo, te ir\u00e9 platicando an\u00e9cdotas, agregando fotograf\u00edas, d\u00e1ndote a conocer algunos\u00a0pensamientos y consejos pr\u00e1cticos para la vida diaria; as\u00ed como \u00a0informaci\u00f3n de eventos, videos\u00a0y notitas de sabidur\u00eda que Dios me ha ido ense\u00f1ando a trav\u00e9s de Su Palabra. Tengo la ilusi\u00f3n de\u00a0compartir contigo \u00a0\u00a1Muchas Cosas M\u00e1s! As\u00ed que si se te ocurre\u00a0algo que pueda enriquecer \u00e9sta\u00a0p\u00e1gina, siente la completa libertad de escribirme y dej\u00e1rmelo saber. Y tambi\u00e9n, si tienes alguna\u00a0inquietud sobre alguna situaci\u00f3n en particular y piensas que puede ser importante para otras\u00a0Mujeres, me gustar\u00eda mucho que me hicieras llegar tus preguntas o comentarios. Te aseguro\u00a0leerlos y contestarlos con mucho cari\u00f1o.<\/p><p class=\"Normal ospfxw7fd6fa9268245099abc9f49cb0a2c4bdossfx\">Tambi\u00e9n aprovecho para otorgarle frente a ti \u201cMi Profundo Agradecimiento a Dios por lo que\u00a0Ha Hecho Por M\u00ed\u201d. Porque, \u00bfsabes? \u00c9l ha restaurado mi vida, y ha plantado en mi coraz\u00f3n una\u00a0pasi\u00f3n por inspirar a otros \u00a0a descubrir la fuerza, el potencial y la capacidad de liderazgo que se\u00a0encuentra dentro de nosotros. Esa, que es necesaria para alcanzar cualquier meta. He sido muy\u00a0Bendecida y deseo extender esa Bendici\u00f3n a quienes deseen recibirla.<\/p><p class=\"Normal ospfxw50744b4448ca18ff5fdbbe57c1edbafeossfx\">Anhelo que disfrutes tu estancia en \u00e9ste refugio cibern\u00e9tico al que he llamado ciber-hogar. \u00a0 \u00a0 \u00a0 \u00a0 \u00a0 \u00a0 \u00a0 \u00a0 \u00a0 \u00a0 \u00a0 \u00a0 \u00a0 \u00a0 \u00a0 \u00a0 \u00a0 \u00a0 \u00a0 \u00a0 \u00a0 \u00a0 \u00a0 \u00a0 \u00a0 \u00a0 \u00a0 \u00a0 \u00a0 \u00a0 \u00a0 \u00a0 \u00a0 \u00a0 \u00a0 \u00a0 \u00a0 \u00a0 \u00a0 \u00a0 \u00a0 \u00a0 \u00a0\u00a0<\/p><p class=\"Normal ospfxw704e905d2461875f848d96d41adb4857ossfx\">Recibe un Saludo Cari\u00f1oso,<\/p>\t\t\t\t\t\t\t\t<\/div>\n\t\t\t\t<\/div>\n\t\t\t\t<div class=\"elementor-element elementor-element-0d4d20d elementor-widget elementor-widget-image\" data-id=\"0d4d20d\" data-element_type=\"widget\" data-e-type=\"widget\" data-widget_type=\"image.default\">\n\t\t\t\t<div class=\"elementor-widget-container\">\n\t\t\t\t\t\t\t\t\t\t\t\t\t\t\t<img decoding=\"async\" width=\"171\" height=\"40\" src=\"https:\/\/monicacalderon.com\/wp-content\/uploads\/2022\/07\/3958-B8644BFF-4D98-C20E-665F-DB911B5FF658.png\" class=\"attachment-large size-large wp-image-126\" alt=\"\" \/>\t\t\t\t\t\t\t\t\t\t\t\t\t\t\t<\/div>\n\t\t\t\t<\/div>\n\t\t\t\t\t<\/div>\n\t\t<\/div>\n\t\t\t\t\t<\/div>\n\t\t<\/section>\n\t\t\t\t<\/div>\n\t\t","protected":false},"excerpt":{"rendered":"<p>\u00a1Hola! Soy M\u00f3nica Calder\u00f3n, y tengo \u00a1Mucho Gusto en Conocerte! Estoy muy contenta y te agradezco mucho tu visita a mi hogar cibern\u00e9tico. A medida que pase el\u00a0tiempo, te ir\u00e9 platicando an\u00e9cdotas, agregando fotograf\u00edas, d\u00e1ndote a conocer algunos\u00a0pensamientos y consejos pr\u00e1cticos para la vida diaria; as\u00ed como \u00a0informaci\u00f3n de eventos, videos\u00a0y notitas de sabidur\u00eda que [&hellip;]<\/p>\n","protected":false},"author":2,"featured_media":0,"parent":0,"menu_order":0,"comment_status":"closed","ping_status":"closed","template":"elementor_canvas","meta":{"footnotes":""},"class_list":["post-46","page","type-page","status-publish","hentry"],"_links":{"self":[{"href":"https:\/\/monicacalderon.com\/index.php\/wp-json\/wp\/v2\/pages\/46","targetHints":{"allow":["GET"]}}],"collection":[{"href":"https:\/\/monicacalderon.com\/index.php\/wp-json\/wp\/v2\/pages"}],"about":[{"href":"https:\/\/monicacalderon.com\/index.php\/wp-json\/wp\/v2\/types\/page"}],"author":[{"embeddable":true,"href":"https:\/\/monicacalderon.com\/index.php\/wp-json\/wp\/v2\/users\/2"}],"replies":[{"embeddable":true,"href":"https:\/\/monicacalderon.com\/index.php\/wp-json\/wp\/v2\/comments?post=46"}],"version-history":[{"count":10,"href":"https:\/\/monicacalderon.com\/index.php\/wp-json\/wp\/v2\/pages\/46\/revisions"}],"predecessor-version":[{"id":131,"href":"https:\/\/monicacalderon.com\/index.php\/wp-json\/wp\/v2\/pages\/46\/revisions\/131"}],"wp:attachment":[{"href":"https:\/\/monicacalderon.com\/index.php\/wp-json\/wp\/v2\/media?parent=46"}],"curies":[{"name":"wp","href":"https:\/\/api.w.org\/{rel}","templated":true}]}}